{"id":255,"date":"2016-10-16T21:14:03","date_gmt":"2016-10-16T19:14:03","guid":{"rendered":"http:\/\/www.a2o.legal\/?page_id=255"},"modified":"2025-01-05T19:52:23","modified_gmt":"2025-01-05T18:52:23","slug":"arlt","status":"publish","type":"page","link":"https:\/\/www.a2o.legal\/en\/arlt\/","title":{"rendered":"Dr. Marie-Agnes Arlt, LL.M. (NYU)"},"content":{"rendered":"<div class=\"wpb-content-wrapper\"><p>[vc_row][vc_column][vc_column_text]<\/p>\n<h2>Dr. Marie-Agnes Arlt, LL.M. (NYU)<\/h2>\n<p>[\/vc_column_text][vc_separator color=&#8221;custom&#8221; border_width=&#8221;5&#8243; accent_color=&#8221;#005d5b&#8221;][\/vc_column][\/vc_row][vc_row el_id=&#8221;arlt&#8221;][vc_column width=&#8221;1\/3&#8243;][vc_single_image image=&#8221;992&#8243; img_size=&#8221;large&#8221;][vc_empty_space height=&#8221;30px&#8221;][vc_column_text]Lawyer<br \/>\n<a href=\"mailto:arlt@a2o.legal\">arlt@a2o.legal<\/a><\/p>\n<p>&nbsp;<\/p>\n<p>German, English, French<\/p>\n<p>registered since\u00a02007[\/vc_column_text][vc_empty_space height=&#8221;30px&#8221;][vc_single_image image=&#8221;1027&#8243; img_size=&#8221;medium&#8221; onclick=&#8221;custom_link&#8221; link=&#8221;http:\/\/www.arlt.solutions&#8221;][vc_column_text]Business mediator<br \/>\n<a href=\"mailto:arlt@arlt.solutions\">arlt@arlt.solutions<\/a><\/p>\n<p>&nbsp;<\/p>\n<p>2017 awarded\u00a0&#8220;Arbitrator of the Year &#8211; Austria&#8221; by\u00a0<em>Worldwide Business Review<\/em> and\u00a0&#8220;Company Law Lawyer of the Year &#8211; Austria&#8221; by\u00a0<em>Lawyer Monthly<\/em>[\/vc_column_text][\/vc_column][vc_column width=&#8221;2\/3&#8243;][vc_text_separator title=&#8221;Expertise&#8221; title_align=&#8221;separator_align_left&#8221; color=&#8221;custom&#8221; accent_color=&#8221;rgba(255,255,255,0.01)&#8221;][vc_separator color=&#8221;custom&#8221; accent_color=&#8221;#005d5b&#8221;][vc_column_text]Marie-Agnes Arlt studied law at the University of Vienna, and the Universit\u00e9 Paris II, Panth\u00e9on-Assas (Mag iur 2001; Dr iur 2004) and \u2013 as a Fulbright scholar \u2013 at the New York University (LLM, 2004). She has been admitted to the bar in 2007 and is also a business mediator.<\/p>\n<p>Marie-Agnes began her legal career as a teaching assistant at the University of Vienna and then as a research assistant with Prof Dr Susanne Kalss at the Vienna University of Economics and Business. She started working with several renowned law firms in Austria and Germany in 2004 before (co)founding a2o.legal and arlt.solutions.<\/p>\n<p>The main focus of her work and research is on corporate law, M&amp;A, advising members of management and supervisory boards, strategic consulting as well as dispute resolution (litigation, arbitration). With <a href=\"http:\/\/arlt.solutions\">arlt.solutions<\/a>\u00a0Marie-Agnes has also specialised in alternative dispute resolution, in particular business mediation and corporate dispute management.[\/vc_column_text][vc_empty_space height=&#8221;50px&#8221;][vc_text_separator title=&#8221;Specialisation&#8221; title_align=&#8221;separator_align_left&#8221; color=&#8221;custom&#8221; accent_color=&#8221;rgba(255,255,255,0.01)&#8221;][vc_separator color=&#8221;custom&#8221; accent_color=&#8221;#005d5b&#8221;][vc_column_text]Corporate law, M&amp;A, reorganisations, corporate dispute resolution and management, mediation, litigation, capital markets law, advising members of executive and supervisory boards, special situation advisory services and strategic consulting, negotiation support, private foundations law[\/vc_column_text][vc_empty_space height=&#8221;50px&#8221;][vc_text_separator title=&#8221;Publications&#8221; title_align=&#8221;separator_align_left&#8221; color=&#8221;custom&#8221; accent_color=&#8221;rgba(255,255,255,0.01)&#8221;][vc_separator color=&#8221;custom&#8221; accent_color=&#8221;#005d5b&#8221;][vc_column_text]<\/p>\n<ul>\n<li><span style=\"color: #000000;\">Aburumieh \/Arlt\/Gruber, \u00a7\u00a7 35-38 zum GmbHG in Foglar-Deinhardstein\/ Aburumieh \/Hoffenscher-Summer, GmbHG &#8211; Gesetz \u00fcber Gesellschaften mit beschr\u00e4nkter Haftung (2. Auflage, 2024)<\/span><\/li>\n<li><span style=\"color: #000000;\">Einleitung, \u00a7\u00a7 1-14, 23-42, \u00a7\u00a7 46-50 in M\u00fcnchener Kommentar zum Aktiengesetz (5. Auflage, 2019)<\/span><\/li>\n<li><span style=\"color: #000000;\">Arlt, Organhaftung in Bergmann\/Kalss, Rechtsformwahl (2020), 375-406<\/span><\/li>\n<li><span style=\"color: #000000;\">Arlt\/Grill\/Huber-Starlinger, Mediator\u2019s Code of Conduct and Ethical Guidelines \u2013 A comparative analysis in Campbell, The Comparative Law Yearbook of International Business. International Mediation (2020), 85-108<\/span><\/li>\n<li><span style=\"color: #000000;\">Verwaltungs- und Aufsichtsrechte im Konzern (Corporate Governance), GesRZ 2019 (im Erscheinen)<\/span><\/li>\n<li><span style=\"color: #000000;\">Entscheidungsbesprechung von OGH 24.1.2019, 6 Ob 55\/18h (Geschlechterklauseln in Gesellschaftsvertr\u00e4gen), GesRZ 2019, 181-188 <a href=\"http:\/\/www.a2o.legal\/wp-content\/uploads\/2019\/07\/GesRZ_2019_03_Arlt.pdf\">pdf<\/a>\u00a0 |\u00a0<a href=\"http:\/\/www.gesrz.at\">Linde Verlag<\/a><\/span><\/li>\n<li><span style=\"color: #000000;\">Einleitung, \u00a7\u00a7 1-14, 23-42, \u00a7\u00a7 46-50 in M\u00fcnchener Kommentar zum Aktiengesetz (5. Auflage, 2019)<\/span><\/li>\n<li><span style=\"color: #000000;\">Marie-Agnes Arlt, National Report of Austria in Mock\/Csach\/Havel, International Handbook on Shareholders\u2019 agreements (2018) 141 -166\u00a0<a href=\"https:\/\/www.degruyter.com\/flyer\/DEG\/product\/477591.pdf\">pdf<\/a><\/span><\/li>\n<li><span style=\"color: #000000;\">Arlt\/von Schrader, Das neue B\u00f6rserecht \u2013 B\u00f6rseG 2018: Einf\u00fchrung, Neuerungen und Grundlagen (2018) <a href=\"http:\/\/www.a2o.legal\/wp-content\/uploads\/2018\/02\/Arlt_VonSchrader_BoerseG_BK_A5_low.pdf\">pdf<\/a><\/span><\/li>\n<li><span style=\"color: #000000;\">Arlt, Die Verschwiegenheitspflicht des Vorstands in Kalss\/Frotz\/Sch\u00f6rghofer, Handbuch f\u00fcr den Vorstand (2017), 1303 <a href=\"http:\/\/www.a2o.legal\/wp-content\/uploads\/2017\/04\/43_Arlt_S.pdf\">pdf<\/a><\/span><\/li>\n<li><span style=\"color: #000000;\">Arlt\/von Schrader, Die vereinfachte GmbH-Gr\u00fcndung, ecolex 2017, 139 <a href=\"http:\/\/www.a2o.legal\/wp-content\/uploads\/2017\/04\/ecolex_2017-02-139-Marie-Agnes-Artl.pdf\">pdf<\/a><\/span><\/li>\n<li><span style=\"color: #000000;\">Schima\/Arlt, Corporate Governance im Konzern in Haberer\/Krejci, Handbuch Konzernrecht (2016) 279 <a href=\"http:\/\/www.a2o.legal\/wp-content\/uploads\/2017\/04\/Beitrag_Schima_Arlt_aus_Konzernrecht.pdf\">pdf<\/a><\/span><\/li>\n<li><span style=\"color: #000000;\">Arlt, \u201eDas rechtliche Wissen ist manchmal hinderlich\u201c, Interview mit Benedikt Kommenda in Aufsichtsrat aktuell 3\/2016<\/span><\/li>\n<li><span style=\"color: #000000;\">Marie-Agnes Arlt \/ Sophie Martinetz, Women in Law &#8211; wie weiblich ist Macht?, Anwaltsblatt 2015\/11<\/span><\/li>\n<li><span style=\"color: #000000;\">Marie-Agnes Arlt, Pflicht zur Anfechtung von Gewinnaussch\u00fcttungsbeschl\u00fcssen?, GesRZ 2014, 351<\/span><\/li>\n<li><span style=\"color: #000000;\">Marie-Agnes Arlt, Die grenz\u00fcberschreitende Verschmelzung von Kapitalgesellschaften innerhalb der EU \u2013 ein \u00dcberblick, FJ 2008, 85<\/span><\/li>\n<li><span style=\"color: #000000;\">Marie-Agnes Arlt, Angeld und Anzahlung \u2013 eine Kurzdarstellung, FJ 2008, 45<\/span><\/li>\n<li><span style=\"color: #000000;\">Marie-Agnes Arlt \/ Thomas Rabl, Kapitalverkehrsfreiheit &#8211; Unzul\u00e4ssigkeit von Golden Shares nach dem deutschen Volkswagengesetz, GesRZ 2008, 16<\/span><\/li>\n<li><span style=\"color: #000000;\">Marie-Agnes Arlt, Die Neufassung des IESG \u2013 die Umsetzung des VfGH-Erkenntnisses zur Absch\u00f6pfung des IAF, FJ 2006, 223<\/span><\/li>\n<li><span style=\"color: #000000;\">Marie-Agnes Arlt, Die Haftung der Leitungsorgane der franz\u00f6sischen soci\u00e9t\u00e9 anonyme, in Kalss (Hrsg), Vorstandshaftung in 15 europ\u00e4ischen L\u00e4ndern (2005) 467<\/span><\/li>\n<li><span style=\"color: #000000;\">Marie-Agnes Arlt \/ Kristoffel Grechenig \/ Susanne Kalss, Austria, in Oplustil\/Teichmann (Hrsg), The European Company -all over Europe (2004) 1<\/span><\/li>\n<li><span style=\"color: #000000;\">Marie-Agnes Arlt, Die \u00dcbertragung von Gesch\u00e4ftsanteilen einer franz\u00f6sischen soci\u00e9t\u00e9 \u00e0 responsabilit\u00e9 limit\u00e9e (SARL), in Kalss (Hrsg.), Die \u00dcbertragung von GmbH-Gesch\u00e4ftsanteilen in 14 europ\u00e4ische Rechtsordnungen (2003) 89<\/span><\/li>\n<li><span style=\"color: #000000;\">Marie-Agnes Arlt, Franz\u00f6sische Aktiengesellschaft. Monistisches und dualistisches System im Spannungsfeld der Corporate Governance (2006)<\/span><\/li>\n<\/ul>\n<p>[\/vc_column_text][vc_empty_space height=&#8221;30px&#8221;][\/vc_column][\/vc_row]<\/p>\n<\/div>","protected":false},"excerpt":{"rendered":"<p>[vc_row][vc_column][vc_column_text] Dr. Marie-Agnes Arlt, LL.M. (NYU) [\/vc_column_text][vc_separator color=&#8221;custom&#8221; border_width=&#8221;5&#8243; accent_color=&#8221;#005d5b&#8221;][\/vc_column][\/vc_row][vc_row el_id=&#8221;arlt&#8221;][vc_column width=&#8221;1\/3&#8243;][vc_single_image image=&#8221;992&#8243; img_size=&#8221;large&#8221;][vc_empty_space height=&#8221;30px&#8221;][vc_column_text]Lawyer arlt@a2o.legal &nbsp; German, English, French registered since\u00a02007[\/vc_column_text][vc_empty_space height=&#8221;30px&#8221;][vc_single_image image=&#8221;1027&#8243; img_size=&#8221;medium&#8221; onclick=&#8221;custom_link&#8221; link=&#8221;http:\/\/www.arlt.solutions&#8221;][vc_column_text]Business mediator arlt@arlt.solutions &nbsp; 2017 awarded\u00a0&#8220;Arbitrator of the Year &#8211; Austria&#8221; by\u00a0Worldwide Business Review and\u00a0&#8220;Company Law Lawyer of the Year &#8211; Austria&#8221; by\u00a0Lawyer Monthly[\/vc_column_text][\/vc_column][vc_column width=&#8221;2\/3&#8243;][vc_text_separator title=&#8221;Expertise&#8221; title_align=&#8221;separator_align_left&#8221; color=&#8221;custom&#8221; accent_color=&#8221;rgba(255,255,255,0.01)&#8221;][vc_separator&hellip;<\/p>\n","protected":false},"author":2,"featured_media":0,"parent":0,"menu_order":0,"comment_status":"closed","ping_status":"closed","template":"","meta":{"_acf_changed":false,"inline_featured_image":false,"footnotes":""},"class_list":["post-255","page","type-page","status-publish","hentry"],"acf":[],"yoast_head":"<!-- This site is optimized with the Yoast SEO plugin v26.8 - https:\/\/yoast.com\/product\/yoast-seo-wordpress\/ -->\n<title>a2o legal - Kooperation selbst\u00e4ndiger Rechtsanw\u00e4lte (Dr. Marie-Agnes Arlt, LL.M. (NYU))<\/title>\n<meta name=\"description\" content=\"Marie-Agnes Arlt studierte Rechtswissenschaften an der Universit\u00e4t Wien und ist \u2013 seit 2007 eingetragene \u2013 Rechtsanw\u00e4ltin und Wirtschaftsmediatorin.\" \/>\n<meta name=\"robots\" content=\"index, follow, max-snippet:-1, max-image-preview:large, max-video-preview:-1\" \/>\n<link rel=\"canonical\" href=\"https:\/\/www.a2o.legal\/arlt\/\" \/>\n<meta property=\"og:locale\" content=\"en_US\" \/>\n<meta property=\"og:type\" content=\"article\" \/>\n<meta property=\"og:title\" content=\"a2o legal - Kooperation selbst\u00e4ndiger Rechtsanw\u00e4lte (Dr. Marie-Agnes Arlt, LL.M. (NYU))\" \/>\n<meta property=\"og:description\" content=\"Marie-Agnes Arlt studierte Rechtswissenschaften an der Universit\u00e4t Wien und ist \u2013 seit 2007 eingetragene \u2013 Rechtsanw\u00e4ltin und Wirtschaftsmediatorin.\" \/>\n<meta property=\"og:url\" content=\"https:\/\/www.a2o.legal\/arlt\/\" \/>\n<meta property=\"og:site_name\" content=\"a2o\" \/>\n<meta property=\"article:modified_time\" content=\"2025-01-05T18:52:23+00:00\" \/>\n<meta name=\"twitter:card\" content=\"summary_large_image\" \/>\n<meta name=\"twitter:label1\" content=\"Est. reading time\" \/>\n\t<meta name=\"twitter:data1\" content=\"8 minutes\" \/>\n<script type=\"application\/ld+json\" class=\"yoast-schema-graph\">{\"@context\":\"https:\/\/schema.org\",\"@graph\":[{\"@type\":\"WebPage\",\"@id\":\"https:\/\/www.a2o.legal\/arlt\/\",\"url\":\"https:\/\/www.a2o.legal\/arlt\/\",\"name\":\"a2o legal - Kooperation selbst\u00e4ndiger Rechtsanw\u00e4lte (Dr. Marie-Agnes Arlt, LL.M. (NYU))\",\"isPartOf\":{\"@id\":\"https:\/\/www.a2o.legal\/#website\"},\"datePublished\":\"2016-10-16T19:14:03+00:00\",\"dateModified\":\"2025-01-05T18:52:23+00:00\",\"description\":\"Marie-Agnes Arlt studierte Rechtswissenschaften an der Universit\u00e4t Wien und ist \u2013 seit 2007 eingetragene \u2013 Rechtsanw\u00e4ltin und Wirtschaftsmediatorin.\",\"breadcrumb\":{\"@id\":\"https:\/\/www.a2o.legal\/arlt\/#breadcrumb\"},\"inLanguage\":\"en-US\",\"potentialAction\":[{\"@type\":\"ReadAction\",\"target\":[\"https:\/\/www.a2o.legal\/arlt\/\"]}]},{\"@type\":\"BreadcrumbList\",\"@id\":\"https:\/\/www.a2o.legal\/arlt\/#breadcrumb\",\"itemListElement\":[{\"@type\":\"ListItem\",\"position\":1,\"name\":\"Home\",\"item\":\"https:\/\/www.a2o.legal\/\"},{\"@type\":\"ListItem\",\"position\":2,\"name\":\"Hon.-Prof. Dr. Marie-Agnes Arlt, LL.M. (NYU)\"}]},{\"@type\":\"WebSite\",\"@id\":\"https:\/\/www.a2o.legal\/#website\",\"url\":\"https:\/\/www.a2o.legal\/\",\"name\":\"a2o\",\"description\":\"\",\"potentialAction\":[{\"@type\":\"SearchAction\",\"target\":{\"@type\":\"EntryPoint\",\"urlTemplate\":\"https:\/\/www.a2o.legal\/?s={search_term_string}\"},\"query-input\":{\"@type\":\"PropertyValueSpecification\",\"valueRequired\":true,\"valueName\":\"search_term_string\"}}],\"inLanguage\":\"en-US\"}]}<\/script>\n<!-- \/ Yoast SEO plugin. -->","yoast_head_json":{"title":"a2o legal - Kooperation selbst\u00e4ndiger Rechtsanw\u00e4lte (Dr. Marie-Agnes Arlt, LL.M. (NYU))","description":"Marie-Agnes Arlt studierte Rechtswissenschaften an der Universit\u00e4t Wien und ist \u2013 seit 2007 eingetragene \u2013 Rechtsanw\u00e4ltin und Wirtschaftsmediatorin.","robots":{"index":"index","follow":"follow","max-snippet":"max-snippet:-1","max-image-preview":"max-image-preview:large","max-video-preview":"max-video-preview:-1"},"canonical":"https:\/\/www.a2o.legal\/arlt\/","og_locale":"en_US","og_type":"article","og_title":"a2o legal - Kooperation selbst\u00e4ndiger Rechtsanw\u00e4lte (Dr. Marie-Agnes Arlt, LL.M. (NYU))","og_description":"Marie-Agnes Arlt studierte Rechtswissenschaften an der Universit\u00e4t Wien und ist \u2013 seit 2007 eingetragene \u2013 Rechtsanw\u00e4ltin und Wirtschaftsmediatorin.","og_url":"https:\/\/www.a2o.legal\/arlt\/","og_site_name":"a2o","article_modified_time":"2025-01-05T18:52:23+00:00","twitter_card":"summary_large_image","twitter_misc":{"Est. reading time":"8 minutes"},"schema":{"@context":"https:\/\/schema.org","@graph":[{"@type":"WebPage","@id":"https:\/\/www.a2o.legal\/arlt\/","url":"https:\/\/www.a2o.legal\/arlt\/","name":"a2o legal - Kooperation selbst\u00e4ndiger Rechtsanw\u00e4lte (Dr. Marie-Agnes Arlt, LL.M. (NYU))","isPartOf":{"@id":"https:\/\/www.a2o.legal\/#website"},"datePublished":"2016-10-16T19:14:03+00:00","dateModified":"2025-01-05T18:52:23+00:00","description":"Marie-Agnes Arlt studierte Rechtswissenschaften an der Universit\u00e4t Wien und ist \u2013 seit 2007 eingetragene \u2013 Rechtsanw\u00e4ltin und Wirtschaftsmediatorin.","breadcrumb":{"@id":"https:\/\/www.a2o.legal\/arlt\/#breadcrumb"},"inLanguage":"en-US","potentialAction":[{"@type":"ReadAction","target":["https:\/\/www.a2o.legal\/arlt\/"]}]},{"@type":"BreadcrumbList","@id":"https:\/\/www.a2o.legal\/arlt\/#breadcrumb","itemListElement":[{"@type":"ListItem","position":1,"name":"Home","item":"https:\/\/www.a2o.legal\/"},{"@type":"ListItem","position":2,"name":"Hon.-Prof. Dr. Marie-Agnes Arlt, LL.M. (NYU)"}]},{"@type":"WebSite","@id":"https:\/\/www.a2o.legal\/#website","url":"https:\/\/www.a2o.legal\/","name":"a2o","description":"","potentialAction":[{"@type":"SearchAction","target":{"@type":"EntryPoint","urlTemplate":"https:\/\/www.a2o.legal\/?s={search_term_string}"},"query-input":{"@type":"PropertyValueSpecification","valueRequired":true,"valueName":"search_term_string"}}],"inLanguage":"en-US"}]}},"_links":{"self":[{"href":"https:\/\/www.a2o.legal\/en\/wp-json\/wp\/v2\/pages\/255","targetHints":{"allow":["GET"]}}],"collection":[{"href":"https:\/\/www.a2o.legal\/en\/wp-json\/wp\/v2\/pages"}],"about":[{"href":"https:\/\/www.a2o.legal\/en\/wp-json\/wp\/v2\/types\/page"}],"author":[{"embeddable":true,"href":"https:\/\/www.a2o.legal\/en\/wp-json\/wp\/v2\/users\/2"}],"replies":[{"embeddable":true,"href":"https:\/\/www.a2o.legal\/en\/wp-json\/wp\/v2\/comments?post=255"}],"version-history":[{"count":47,"href":"https:\/\/www.a2o.legal\/en\/wp-json\/wp\/v2\/pages\/255\/revisions"}],"predecessor-version":[{"id":1029,"href":"https:\/\/www.a2o.legal\/en\/wp-json\/wp\/v2\/pages\/255\/revisions\/1029"}],"wp:attachment":[{"href":"https:\/\/www.a2o.legal\/en\/wp-json\/wp\/v2\/media?parent=255"}],"curies":[{"name":"wp","href":"https:\/\/api.w.org\/{rel}","templated":true}]}}