{"id":991,"date":"2023-10-21T12:38:19","date_gmt":"2023-10-21T10:38:19","guid":{"rendered":"http:\/\/www.a2o.legal\/?page_id=991"},"modified":"2023-10-21T12:51:32","modified_gmt":"2023-10-21T10:51:32","slug":"dr-alexander-sporn","status":"publish","type":"page","link":"https:\/\/www.a2o.legal\/en\/dr-alexander-sporn\/","title":{"rendered":"Dr. Alexander Sporn, LL.M."},"content":{"rendered":"<div class=\"wpb-content-wrapper\"><p>[vc_row][vc_column][vc_column_text]<\/p>\n<h2>Dr. Alexander Sporn, LL.M.<\/h2>\n<p>[\/vc_column_text][vc_separator color=&#8221;custom&#8221; border_width=&#8221;5&#8243; accent_color=&#8221;#005d5b&#8221;][\/vc_column][\/vc_row][vc_row el_id=&#8221;arlt&#8221;][vc_column width=&#8221;1\/3&#8243;][vc_single_image image=&#8221;993&#8243; img_size=&#8221;large&#8221;][vc_empty_space height=&#8221;30px&#8221;][vc_column_text]Lawyer<br \/>\n<a href=\"mailto:sporn@a2o.legal\">sporn@a2o.legal<\/a><br \/>\n[\/vc_column_text][\/vc_column][vc_column width=&#8221;2\/3&#8243;][vc_text_separator title=&#8221;Expertise&#8221; title_align=&#8221;separator_align_left&#8221; color=&#8221;custom&#8221; accent_color=&#8221;rgba(255,255,255,0.01)&#8221;][vc_separator color=&#8221;custom&#8221; accent_color=&#8221;#005d5b&#8221;][vc_column_text]Alexander Sporn studied law at the University of Vienna, followed by doctoral studies and, after several years of professional experience as a lawyer, completed post graduate studies in European business law at the Danube University Krems.<\/p>\n<p>Alexander Sporn mainly advises traditional Austrian companies as well as spun-off public entities on a broad range of legal issues and problems, with a (predominantly) holistic approach. In recent years, Alexander Sporn has also turned his passion for Austrian theater and contemporary art into a professional career. He not only advises renowned art galleries on legal matters, but also enthusiastically exercises his function as a member of the supervisory board of Burgtheater GmbH.<\/p>\n<p>Alexander Sporn sees his clients and himself as a team, which, supported by mutual respect and mutual trust, seeks to achieve the desired goals together. From this understanding, predominantly long-standing client relationships have developed, which see the lawyer not only as a professional advisor, but beyond that (also) as a contact person (as an advocate) in far-reaching matters of trust; an approach that has fallen into oblivion in the immensely fast-moving times.[\/vc_column_text][vc_empty_space height=&#8221;50px&#8221;][vc_text_separator title=&#8221;Specialisation&#8221; title_align=&#8221;separator_align_left&#8221; color=&#8221;custom&#8221; accent_color=&#8221;rgba(255,255,255,0.01)&#8221;][vc_separator color=&#8221;custom&#8221; accent_color=&#8221;#005d5b&#8221;][vc_column_text]Corporate law, real estate development, labor law (employer-side), corporate law and legal fields related to arts and culture[\/vc_column_text][vc_empty_space height=&#8221;50px&#8221;][\/vc_column][\/vc_row]<\/p>\n<\/div>","protected":false},"excerpt":{"rendered":"<p>[vc_row][vc_column][vc_column_text] Dr. Alexander Sporn, LL.M. [\/vc_column_text][vc_separator color=&#8221;custom&#8221; border_width=&#8221;5&#8243; accent_color=&#8221;#005d5b&#8221;][\/vc_column][\/vc_row][vc_row el_id=&#8221;arlt&#8221;][vc_column width=&#8221;1\/3&#8243;][vc_single_image image=&#8221;993&#8243; img_size=&#8221;large&#8221;][vc_empty_space height=&#8221;30px&#8221;][vc_column_text]Lawyer sporn@a2o.legal [\/vc_column_text][\/vc_column][vc_column width=&#8221;2\/3&#8243;][vc_text_separator title=&#8221;Expertise&#8221; title_align=&#8221;separator_align_left&#8221; color=&#8221;custom&#8221; accent_color=&#8221;rgba(255,255,255,0.01)&#8221;][vc_separator color=&#8221;custom&#8221; accent_color=&#8221;#005d5b&#8221;][vc_column_text]Alexander Sporn studied law at the University of Vienna, followed by doctoral studies and, after several years of professional experience as a lawyer, completed post graduate studies in European business law at the&hellip;<\/p>\n","protected":false},"author":2,"featured_media":0,"parent":0,"menu_order":0,"comment_status":"closed","ping_status":"closed","template":"","meta":{"_acf_changed":false,"inline_featured_image":false,"footnotes":""},"class_list":["post-991","page","type-page","status-publish","hentry"],"acf":[],"yoast_head":"<!-- This site is optimized with the Yoast SEO plugin v26.8 - https:\/\/yoast.com\/product\/yoast-seo-wordpress\/ -->\n<title>a2o legal - Kooperation selbst\u00e4ndiger Rechtsanw\u00e4lte (Dr. Alexander Sporn, LL.M.)<\/title>\n<meta name=\"description\" content=\"Alexander Sporn studierte Rechtswissenschaften an der Universit\u00e4t Wien, absolvierte daran anschlie\u00dfend ein Doktorratsstudium und schloss nach einigen Jahren Berufserfahrung als Rechtsanwalt das Post Graduate Studium f\u00fcr Europ\u00e4isches Wirtschaftsrecht an der Donauuniversit\u00e4t Krems ab.\" \/>\n<meta name=\"robots\" content=\"index, follow, max-snippet:-1, max-image-preview:large, max-video-preview:-1\" \/>\n<link rel=\"canonical\" href=\"https:\/\/www.a2o.legal\/dr-alexander-sporn\/\" \/>\n<meta property=\"og:locale\" content=\"en_US\" \/>\n<meta property=\"og:type\" content=\"article\" \/>\n<meta property=\"og:title\" content=\"a2o legal - Kooperation selbst\u00e4ndiger Rechtsanw\u00e4lte (Dr. Alexander Sporn, LL.M.)\" \/>\n<meta property=\"og:description\" content=\"Alexander Sporn studierte Rechtswissenschaften an der Universit\u00e4t Wien, absolvierte daran anschlie\u00dfend ein Doktorratsstudium und schloss nach einigen Jahren Berufserfahrung als Rechtsanwalt das Post Graduate Studium f\u00fcr Europ\u00e4isches Wirtschaftsrecht an der Donauuniversit\u00e4t Krems ab.\" \/>\n<meta property=\"og:url\" content=\"https:\/\/www.a2o.legal\/dr-alexander-sporn\/\" \/>\n<meta property=\"og:site_name\" content=\"a2o\" \/>\n<meta property=\"article:modified_time\" content=\"2023-10-21T10:51:32+00:00\" \/>\n<meta name=\"twitter:card\" content=\"summary_large_image\" \/>\n<meta name=\"twitter:label1\" content=\"Est. reading time\" \/>\n\t<meta name=\"twitter:data1\" content=\"3 minutes\" \/>\n<script type=\"application\/ld+json\" class=\"yoast-schema-graph\">{\"@context\":\"https:\/\/schema.org\",\"@graph\":[{\"@type\":\"WebPage\",\"@id\":\"https:\/\/www.a2o.legal\/dr-alexander-sporn\/\",\"url\":\"https:\/\/www.a2o.legal\/dr-alexander-sporn\/\",\"name\":\"a2o legal - Kooperation selbst\u00e4ndiger Rechtsanw\u00e4lte (Dr. Alexander Sporn, LL.M.)\",\"isPartOf\":{\"@id\":\"https:\/\/www.a2o.legal\/#website\"},\"datePublished\":\"2023-10-21T10:38:19+00:00\",\"dateModified\":\"2023-10-21T10:51:32+00:00\",\"description\":\"Alexander Sporn studierte Rechtswissenschaften an der Universit\u00e4t Wien, absolvierte daran anschlie\u00dfend ein Doktorratsstudium und schloss nach einigen Jahren Berufserfahrung als Rechtsanwalt das Post Graduate Studium f\u00fcr Europ\u00e4isches Wirtschaftsrecht an der Donauuniversit\u00e4t Krems ab.\",\"breadcrumb\":{\"@id\":\"https:\/\/www.a2o.legal\/dr-alexander-sporn\/#breadcrumb\"},\"inLanguage\":\"en-US\",\"potentialAction\":[{\"@type\":\"ReadAction\",\"target\":[\"https:\/\/www.a2o.legal\/dr-alexander-sporn\/\"]}]},{\"@type\":\"BreadcrumbList\",\"@id\":\"https:\/\/www.a2o.legal\/dr-alexander-sporn\/#breadcrumb\",\"itemListElement\":[{\"@type\":\"ListItem\",\"position\":1,\"name\":\"Home\",\"item\":\"https:\/\/www.a2o.legal\/\"},{\"@type\":\"ListItem\",\"position\":2,\"name\":\"Dr. Alexander Sporn, LL.M.\"}]},{\"@type\":\"WebSite\",\"@id\":\"https:\/\/www.a2o.legal\/#website\",\"url\":\"https:\/\/www.a2o.legal\/\",\"name\":\"a2o\",\"description\":\"\",\"potentialAction\":[{\"@type\":\"SearchAction\",\"target\":{\"@type\":\"EntryPoint\",\"urlTemplate\":\"https:\/\/www.a2o.legal\/?s={search_term_string}\"},\"query-input\":{\"@type\":\"PropertyValueSpecification\",\"valueRequired\":true,\"valueName\":\"search_term_string\"}}],\"inLanguage\":\"en-US\"}]}<\/script>\n<!-- \/ Yoast SEO plugin. -->","yoast_head_json":{"title":"a2o legal - Kooperation selbst\u00e4ndiger Rechtsanw\u00e4lte (Dr. Alexander Sporn, LL.M.)","description":"Alexander Sporn studierte Rechtswissenschaften an der Universit\u00e4t Wien, absolvierte daran anschlie\u00dfend ein Doktorratsstudium und schloss nach einigen Jahren Berufserfahrung als Rechtsanwalt das Post Graduate Studium f\u00fcr Europ\u00e4isches Wirtschaftsrecht an der Donauuniversit\u00e4t Krems ab.","robots":{"index":"index","follow":"follow","max-snippet":"max-snippet:-1","max-image-preview":"max-image-preview:large","max-video-preview":"max-video-preview:-1"},"canonical":"https:\/\/www.a2o.legal\/dr-alexander-sporn\/","og_locale":"en_US","og_type":"article","og_title":"a2o legal - Kooperation selbst\u00e4ndiger Rechtsanw\u00e4lte (Dr. Alexander Sporn, LL.M.)","og_description":"Alexander Sporn studierte Rechtswissenschaften an der Universit\u00e4t Wien, absolvierte daran anschlie\u00dfend ein Doktorratsstudium und schloss nach einigen Jahren Berufserfahrung als Rechtsanwalt das Post Graduate Studium f\u00fcr Europ\u00e4isches Wirtschaftsrecht an der Donauuniversit\u00e4t Krems ab.","og_url":"https:\/\/www.a2o.legal\/dr-alexander-sporn\/","og_site_name":"a2o","article_modified_time":"2023-10-21T10:51:32+00:00","twitter_card":"summary_large_image","twitter_misc":{"Est. reading time":"3 minutes"},"schema":{"@context":"https:\/\/schema.org","@graph":[{"@type":"WebPage","@id":"https:\/\/www.a2o.legal\/dr-alexander-sporn\/","url":"https:\/\/www.a2o.legal\/dr-alexander-sporn\/","name":"a2o legal - Kooperation selbst\u00e4ndiger Rechtsanw\u00e4lte (Dr. Alexander Sporn, LL.M.)","isPartOf":{"@id":"https:\/\/www.a2o.legal\/#website"},"datePublished":"2023-10-21T10:38:19+00:00","dateModified":"2023-10-21T10:51:32+00:00","description":"Alexander Sporn studierte Rechtswissenschaften an der Universit\u00e4t Wien, absolvierte daran anschlie\u00dfend ein Doktorratsstudium und schloss nach einigen Jahren Berufserfahrung als Rechtsanwalt das Post Graduate Studium f\u00fcr Europ\u00e4isches Wirtschaftsrecht an der Donauuniversit\u00e4t Krems ab.","breadcrumb":{"@id":"https:\/\/www.a2o.legal\/dr-alexander-sporn\/#breadcrumb"},"inLanguage":"en-US","potentialAction":[{"@type":"ReadAction","target":["https:\/\/www.a2o.legal\/dr-alexander-sporn\/"]}]},{"@type":"BreadcrumbList","@id":"https:\/\/www.a2o.legal\/dr-alexander-sporn\/#breadcrumb","itemListElement":[{"@type":"ListItem","position":1,"name":"Home","item":"https:\/\/www.a2o.legal\/"},{"@type":"ListItem","position":2,"name":"Dr. Alexander Sporn, LL.M."}]},{"@type":"WebSite","@id":"https:\/\/www.a2o.legal\/#website","url":"https:\/\/www.a2o.legal\/","name":"a2o","description":"","potentialAction":[{"@type":"SearchAction","target":{"@type":"EntryPoint","urlTemplate":"https:\/\/www.a2o.legal\/?s={search_term_string}"},"query-input":{"@type":"PropertyValueSpecification","valueRequired":true,"valueName":"search_term_string"}}],"inLanguage":"en-US"}]}},"_links":{"self":[{"href":"https:\/\/www.a2o.legal\/en\/wp-json\/wp\/v2\/pages\/991","targetHints":{"allow":["GET"]}}],"collection":[{"href":"https:\/\/www.a2o.legal\/en\/wp-json\/wp\/v2\/pages"}],"about":[{"href":"https:\/\/www.a2o.legal\/en\/wp-json\/wp\/v2\/types\/page"}],"author":[{"embeddable":true,"href":"https:\/\/www.a2o.legal\/en\/wp-json\/wp\/v2\/users\/2"}],"replies":[{"embeddable":true,"href":"https:\/\/www.a2o.legal\/en\/wp-json\/wp\/v2\/comments?post=991"}],"version-history":[{"count":3,"href":"https:\/\/www.a2o.legal\/en\/wp-json\/wp\/v2\/pages\/991\/revisions"}],"predecessor-version":[{"id":1011,"href":"https:\/\/www.a2o.legal\/en\/wp-json\/wp\/v2\/pages\/991\/revisions\/1011"}],"wp:attachment":[{"href":"https:\/\/www.a2o.legal\/en\/wp-json\/wp\/v2\/media?parent=991"}],"curies":[{"name":"wp","href":"https:\/\/api.w.org\/{rel}","templated":true}]}}